{"id":2746,"date":"2024-05-08T17:52:46","date_gmt":"2024-05-08T15:52:46","guid":{"rendered":"https:\/\/ecoloma.es\/?page_id=2746"},"modified":"2024-05-08T19:18:14","modified_gmt":"2024-05-08T17:18:14","slug":"energia-sostenible","status":"publish","type":"page","link":"https:\/\/ecoloma.es\/en\/energia-sostenible\/","title":{"rendered":"Energ\u00eda Sostenible"},"content":{"rendered":"<div data-elementor-type=\"wp-page\" data-elementor-id=\"2746\" class=\"elementor elementor-2746\" data-elementor-post-type=\"page\">\n\t\t\t\t\t\t<section class=\"elementor-section elementor-top-section elementor-element elementor-element-fa29441 elementor-section-height-min-height elementor-section-full_width elementor-section-height-default elementor-section-items-middle elementor-invisible\" data-id=\"fa29441\" data-element_type=\"section\" data-settings=\"{&quot;background_background&quot;:&quot;classic&quot;,&quot;animation&quot;:&quot;fadeIn&quot;}\">\n\t\t\t\t\t\t\t<div class=\"elementor-background-overlay\"><\/div>\n\t\t\t\t\t\t\t<div class=\"elementor-container elementor-column-gap-no\">\n\t\t\t\t\t<div class=\"elementor-column elementor-col-100 elementor-top-column elementor-element elementor-element-2136f63\" data-id=\"2136f63\" data-element_type=\"column\">\n\t\t\t<div class=\"elementor-widget-wrap elementor-element-populated\">\n\t\t\t\t\t\t<div class=\"elementor-element elementor-element-93ce509 elementor-widget elementor-widget-heading\" data-id=\"93ce509\" data-element_type=\"widget\" data-widget_type=\"heading.default\">\n\t\t\t\t<div class=\"elementor-widget-container\">\n\t\t\t<style>\/*! elementor - v3.23.0 - 23-07-2024 *\/\n.elementor-heading-title{padding:0;margin:0;line-height:1}.elementor-widget-heading .elementor-heading-title[class*=elementor-size-]>a{color:inherit;font-size:inherit;line-height:inherit}.elementor-widget-heading .elementor-heading-title.elementor-size-small{font-size:15px}.elementor-widget-heading .elementor-heading-title.elementor-size-medium{font-size:19px}.elementor-widget-heading .elementor-heading-title.elementor-size-large{font-size:29px}.elementor-widget-heading .elementor-heading-title.elementor-size-xl{font-size:39px}.elementor-widget-heading .elementor-heading-title.elementor-size-xxl{font-size:59px}<\/style><h1 class=\"elementor-heading-title elementor-size-default\">Energ\u00eda Sostenible<\/h1>\t\t<\/div>\n\t\t\t\t<\/div>\n\t\t\t\t\t<\/div>\n\t\t<\/div>\n\t\t\t\t\t<\/div>\n\t\t<\/section>\n\t\t\t\t<section class=\"elementor-section elementor-top-section elementor-element elementor-element-06cd95a elementor-section-boxed elementor-section-height-default elementor-section-height-default\" data-id=\"06cd95a\" data-element_type=\"section\">\n\t\t\t\t\t\t<div class=\"elementor-container elementor-column-gap-no\">\n\t\t\t\t\t<div class=\"elementor-column elementor-col-100 elementor-top-column elementor-element elementor-element-15fe3b7\" data-id=\"15fe3b7\" data-element_type=\"column\">\n\t\t\t<div class=\"elementor-widget-wrap elementor-element-populated\">\n\t\t\t\t\t\t<section class=\"elementor-section elementor-inner-section elementor-element elementor-element-11c1647 elementor-section-boxed elementor-section-height-default elementor-section-height-default\" data-id=\"11c1647\" data-element_type=\"section\">\n\t\t\t\t\t\t<div class=\"elementor-container elementor-column-gap-no\">\n\t\t\t\t\t<div class=\"elementor-column elementor-col-33 elementor-inner-column elementor-element elementor-element-f2df43b\" data-id=\"f2df43b\" data-element_type=\"column\" data-settings=\"{&quot;background_background&quot;:&quot;gradient&quot;}\">\n\t\t\t<div class=\"elementor-widget-wrap elementor-element-populated\">\n\t\t\t\t\t\t<div class=\"elementor-element elementor-element-564e77b elementor-hidden-mobile elementor-widget elementor-widget-spacer\" data-id=\"564e77b\" data-element_type=\"widget\" data-widget_type=\"spacer.default\">\n\t\t\t\t<div class=\"elementor-widget-container\">\n\t\t\t<style>\/*! elementor - v3.23.0 - 23-07-2024 *\/\n.elementor-column .elementor-spacer-inner{height:var(--spacer-size)}.e-con{--container-widget-width:100%}.e-con-inner>.elementor-widget-spacer,.e-con>.elementor-widget-spacer{width:var(--container-widget-width,var(--spacer-size));--align-self:var(--container-widget-align-self,initial);--flex-shrink:0}.e-con-inner>.elementor-widget-spacer>.elementor-widget-container,.e-con>.elementor-widget-spacer>.elementor-widget-container{height:100%;width:100%}.e-con-inner>.elementor-widget-spacer>.elementor-widget-container>.elementor-spacer,.e-con>.elementor-widget-spacer>.elementor-widget-container>.elementor-spacer{height:100%}.e-con-inner>.elementor-widget-spacer>.elementor-widget-container>.elementor-spacer>.elementor-spacer-inner,.e-con>.elementor-widget-spacer>.elementor-widget-container>.elementor-spacer>.elementor-spacer-inner{height:var(--container-widget-height,var(--spacer-size))}.e-con-inner>.elementor-widget-spacer.elementor-widget-empty,.e-con>.elementor-widget-spacer.elementor-widget-empty{position:relative;min-height:22px;min-width:22px}.e-con-inner>.elementor-widget-spacer.elementor-widget-empty .elementor-widget-empty-icon,.e-con>.elementor-widget-spacer.elementor-widget-empty .elementor-widget-empty-icon{position:absolute;top:0;bottom:0;left:0;right:0;margin:auto;padding:0;width:22px;height:22px}<\/style>\t\t<div class=\"elementor-spacer\">\n\t\t\t<div class=\"elementor-spacer-inner\"><\/div>\n\t\t<\/div>\n\t\t\t\t<\/div>\n\t\t\t\t<\/div>\n\t\t\t\t<div class=\"elementor-element elementor-element-490a0e8 elementor-widget elementor-widget-image\" data-id=\"490a0e8\" data-element_type=\"widget\" data-widget_type=\"image.default\">\n\t\t\t\t<div class=\"elementor-widget-container\">\n\t\t\t<style>\/*! elementor - v3.23.0 - 23-07-2024 *\/\n.elementor-widget-image{text-align:center}.elementor-widget-image a{display:inline-block}.elementor-widget-image a img[src$=\".svg\"]{width:48px}.elementor-widget-image img{vertical-align:middle;display:inline-block}<\/style>\t\t\t\t\t\t\t\t\t\t<img fetchpriority=\"high\" decoding=\"async\" width=\"970\" height=\"321\" src=\"https:\/\/ecoloma.es\/wp-content\/uploads\/2024\/04\/logo-ecoloma-combustible-ecologico2.png\" class=\"attachment-large size-large wp-image-646\" alt=\"\" srcset=\"https:\/\/ecoloma.es\/wp-content\/uploads\/2024\/04\/logo-ecoloma-combustible-ecologico2.png 970w, https:\/\/ecoloma.es\/wp-content\/uploads\/2024\/04\/logo-ecoloma-combustible-ecologico2-768x254.png 768w, https:\/\/ecoloma.es\/wp-content\/uploads\/2024\/04\/logo-ecoloma-combustible-ecologico2-18x6.png 18w, https:\/\/ecoloma.es\/wp-content\/uploads\/2024\/04\/logo-ecoloma-combustible-ecologico2-300x99.png 300w, https:\/\/ecoloma.es\/wp-content\/uploads\/2024\/04\/logo-ecoloma-combustible-ecologico2-600x199.png 600w, https:\/\/ecoloma.es\/wp-content\/uploads\/2024\/04\/logo-ecoloma-combustible-ecologico2-250x83.png 250w\" sizes=\"(max-width: 970px) 100vw, 970px\" \/>\t\t\t\t\t\t\t\t\t\t\t\t\t<\/div>\n\t\t\t\t<\/div>\n\t\t\t\t\t<\/div>\n\t\t<\/div>\n\t\t\t\t<div class=\"elementor-column elementor-col-33 elementor-inner-column elementor-element elementor-element-39ab028\" data-id=\"39ab028\" data-element_type=\"column\" data-settings=\"{&quot;background_background&quot;:&quot;classic&quot;}\">\n\t\t\t<div class=\"elementor-widget-wrap elementor-element-populated\">\n\t\t\t\t\t<div class=\"elementor-background-overlay\"><\/div>\n\t\t\t\t\t\t<div class=\"elementor-element elementor-element-5bf84e9 elementor-widget elementor-widget-heading\" data-id=\"5bf84e9\" data-element_type=\"widget\" data-widget_type=\"heading.default\">\n\t\t\t\t<div class=\"elementor-widget-container\">\n\t\t\t<h3 class=\"elementor-heading-title elementor-size-default\">Los biocombustibles de alta calidad<\/h3>\t\t<\/div>\n\t\t\t\t<\/div>\n\t\t\t\t<div class=\"elementor-element elementor-element-042de38 elementor-widget elementor-widget-text-editor\" data-id=\"042de38\" data-element_type=\"widget\" data-widget_type=\"text-editor.default\">\n\t\t\t\t<div class=\"elementor-widget-container\">\n\t\t\t<style>\/*! elementor - v3.23.0 - 23-07-2024 *\/\n.elementor-widget-text-editor.elementor-drop-cap-view-stacked .elementor-drop-cap{background-color:#69727d;color:#fff}.elementor-widget-text-editor.elementor-drop-cap-view-framed .elementor-drop-cap{color:#69727d;border:3px solid;background-color:transparent}.elementor-widget-text-editor:not(.elementor-drop-cap-view-default) .elementor-drop-cap{margin-top:8px}.elementor-widget-text-editor:not(.elementor-drop-cap-view-default) .elementor-drop-cap-letter{width:1em;height:1em}.elementor-widget-text-editor .elementor-drop-cap{float:left;text-align:center;line-height:1;font-size:50px}.elementor-widget-text-editor .elementor-drop-cap-letter{display:inline-block}<\/style>\t\t\t\t\n<p style=\"text-align: justify; text-transform: none;\">Los biocombustibles producidos a partir del hueso de aceituna y el pellet, ofrecen una alternativa sostenible y eficiente a los combustibles f\u00f3siles. Estos biocombustibles se caracterizan por su alto poder calor\u00edfico, bajas emisiones y un proceso de producci\u00f3n respetuoso con el medio ambiente.<\/p>\t\t\t\t\t\t<\/div>\n\t\t\t\t<\/div>\n\t\t\t\t<div class=\"elementor-element elementor-element-1347f3e elementor-widget elementor-widget-image\" data-id=\"1347f3e\" data-element_type=\"widget\" data-widget_type=\"image.default\">\n\t\t\t\t<div class=\"elementor-widget-container\">\n\t\t\t\t\t\t\t\t\t\t\t\t\t<img decoding=\"async\" width=\"1024\" height=\"384\" src=\"https:\/\/ecoloma.es\/wp-content\/uploads\/2024\/05\/estufa.jpeg\" class=\"attachment-full size-full wp-image-2395\" alt=\"\" srcset=\"https:\/\/ecoloma.es\/wp-content\/uploads\/2024\/05\/estufa.jpeg 1024w, https:\/\/ecoloma.es\/wp-content\/uploads\/2024\/05\/estufa-300x113.jpeg 300w, https:\/\/ecoloma.es\/wp-content\/uploads\/2024\/05\/estufa-768x288.jpeg 768w, https:\/\/ecoloma.es\/wp-content\/uploads\/2024\/05\/estufa-600x225.jpeg 600w\" sizes=\"(max-width: 1024px) 100vw, 1024px\" \/>\t\t\t\t\t\t\t\t\t\t\t\t\t<\/div>\n\t\t\t\t<\/div>\n\t\t\t\t<section class=\"elementor-section elementor-inner-section elementor-element elementor-element-a58181b elementor-section-boxed elementor-section-height-default elementor-section-height-default\" data-id=\"a58181b\" data-element_type=\"section\">\n\t\t\t\t\t\t<div class=\"elementor-container elementor-column-gap-no\">\n\t\t\t\t\t<div class=\"elementor-column elementor-col-50 elementor-inner-column elementor-element elementor-element-55783fe\" data-id=\"55783fe\" data-element_type=\"column\" data-settings=\"{&quot;background_background&quot;:&quot;gradient&quot;}\">\n\t\t\t<div class=\"elementor-widget-wrap elementor-element-populated\">\n\t\t\t\t\t\t<div class=\"elementor-element elementor-element-d2d8384 elementor-widget elementor-widget-image\" data-id=\"d2d8384\" data-element_type=\"widget\" data-widget_type=\"image.default\">\n\t\t\t\t<div class=\"elementor-widget-container\">\n\t\t\t\t\t\t\t\t\t\t\t\t\t<img decoding=\"async\" width=\"300\" height=\"300\" src=\"https:\/\/ecoloma.es\/wp-content\/uploads\/2024\/04\/ecoloma-combustible-pelet-300x300.png\" class=\"attachment-medium size-medium wp-image-1310\" alt=\"\" srcset=\"https:\/\/ecoloma.es\/wp-content\/uploads\/2024\/04\/ecoloma-combustible-pelet-300x300.png 300w, https:\/\/ecoloma.es\/wp-content\/uploads\/2024\/04\/ecoloma-combustible-pelet-100x100.png 100w, https:\/\/ecoloma.es\/wp-content\/uploads\/2024\/04\/ecoloma-combustible-pelet-150x150.png 150w, https:\/\/ecoloma.es\/wp-content\/uploads\/2024\/04\/ecoloma-combustible-pelet.png 560w\" sizes=\"(max-width: 300px) 100vw, 300px\" \/>\t\t\t\t\t\t\t\t\t\t\t\t\t<\/div>\n\t\t\t\t<\/div>\n\t\t\t\t\t<\/div>\n\t\t<\/div>\n\t\t\t\t<div class=\"elementor-column elementor-col-50 elementor-inner-column elementor-element elementor-element-71cacbe\" data-id=\"71cacbe\" data-element_type=\"column\">\n\t\t\t<div class=\"elementor-widget-wrap elementor-element-populated\">\n\t\t\t\t\t\t<div class=\"elementor-element elementor-element-a75d151 elementor-widget elementor-widget-heading\" data-id=\"a75d151\" data-element_type=\"widget\" data-widget_type=\"heading.default\">\n\t\t\t\t<div class=\"elementor-widget-container\">\n\t\t\t<h3 class=\"elementor-heading-title elementor-size-default\">Los biocombustibles y el medio ambiente<\/h3>\t\t<\/div>\n\t\t\t\t<\/div>\n\t\t\t\t<div class=\"elementor-element elementor-element-1d15286 elementor-widget elementor-widget-text-editor\" data-id=\"1d15286\" data-element_type=\"widget\" data-widget_type=\"text-editor.default\">\n\t\t\t\t<div class=\"elementor-widget-container\">\n\t\t\t\t\t\t\t<p style=\"text-align: justify; text-transform: none;\">El uso de biocombustibles ayuda a reducir las emisiones de gases de efecto invernadero y la dependencia de los combustibles f\u00f3siles, lo que contribuye a la mitigaci\u00f3n del cambio clim\u00e1tico. Adem\u00e1s, los biocombustibles son renovables y ayudan a disminuir la contaminaci\u00f3n del aire, ya que su combusti\u00f3n produce menos part\u00edculas y gases t\u00f3xicos que los combustibles f\u00f3siles.<\/p>\n<p style=\"text-align: justify; text-transform: none;\">Por lo tanto, los biocombustibles son una opci\u00f3n prometedora para lograr una mayor sostenibilidad ambiental.<\/p>\t\t\t\t\t\t<\/div>\n\t\t\t\t<\/div>\n\t\t\t\t\t<\/div>\n\t\t<\/div>\n\t\t\t\t\t<\/div>\n\t\t<\/section>\n\t\t\t\t<section class=\"elementor-section elementor-inner-section elementor-element elementor-element-25091a8 elementor-section-boxed elementor-section-height-default elementor-section-height-default\" data-id=\"25091a8\" data-element_type=\"section\">\n\t\t\t\t\t\t<div class=\"elementor-container elementor-column-gap-no\">\n\t\t\t\t\t<div class=\"elementor-column elementor-col-50 elementor-inner-column elementor-element elementor-element-3e717db\" data-id=\"3e717db\" data-element_type=\"column\" data-settings=\"{&quot;background_background&quot;:&quot;gradient&quot;}\">\n\t\t\t<div class=\"elementor-widget-wrap elementor-element-populated\">\n\t\t\t\t\t\t<div class=\"elementor-element elementor-element-28034f3 elementor-widget elementor-widget-image\" data-id=\"28034f3\" data-element_type=\"widget\" data-widget_type=\"image.default\">\n\t\t\t\t<div class=\"elementor-widget-container\">\n\t\t\t\t\t\t\t\t\t\t\t\t\t<img loading=\"lazy\" decoding=\"async\" width=\"560\" height=\"560\" src=\"https:\/\/ecoloma.es\/wp-content\/uploads\/2022\/07\/ecoloma-combustible-hueso-aceituna.png\" class=\"attachment-medium_large size-medium_large wp-image-888\" alt=\"\" srcset=\"https:\/\/ecoloma.es\/wp-content\/uploads\/2022\/07\/ecoloma-combustible-hueso-aceituna.png 560w, https:\/\/ecoloma.es\/wp-content\/uploads\/2022\/07\/ecoloma-combustible-hueso-aceituna-300x300.png 300w, https:\/\/ecoloma.es\/wp-content\/uploads\/2022\/07\/ecoloma-combustible-hueso-aceituna-100x100.png 100w, https:\/\/ecoloma.es\/wp-content\/uploads\/2022\/07\/ecoloma-combustible-hueso-aceituna-150x150.png 150w\" sizes=\"(max-width: 560px) 100vw, 560px\" \/>\t\t\t\t\t\t\t\t\t\t\t\t\t<\/div>\n\t\t\t\t<\/div>\n\t\t\t\t\t<\/div>\n\t\t<\/div>\n\t\t\t\t<div class=\"elementor-column elementor-col-50 elementor-inner-column elementor-element elementor-element-a06b793\" data-id=\"a06b793\" data-element_type=\"column\">\n\t\t\t<div class=\"elementor-widget-wrap elementor-element-populated\">\n\t\t\t\t\t\t<div class=\"elementor-element elementor-element-89e81a5 elementor-widget elementor-widget-heading\" data-id=\"89e81a5\" data-element_type=\"widget\" data-widget_type=\"heading.default\">\n\t\t\t\t<div class=\"elementor-widget-container\">\n\t\t\t<h3 class=\"elementor-heading-title elementor-size-default\">Caracter\u00edsticas de los biocombustibles<\/h3>\t\t<\/div>\n\t\t\t\t<\/div>\n\t\t\t\t<div class=\"elementor-element elementor-element-3a0e543 elementor-widget elementor-widget-text-editor\" data-id=\"3a0e543\" data-element_type=\"widget\" data-widget_type=\"text-editor.default\">\n\t\t\t\t<div class=\"elementor-widget-container\">\n\t\t\t\t\t\t\t\n<ol>\n \t<li style=\"text-transform: none; text-align: justify;\"><strong>Elevado poder calor\u00edfico: Alto contenido de carbono<\/strong> y un bajo porcentaje de cenizas, lo que le confiere un notable poder calor\u00edfico, similar al de la le\u00f1a de alta calidad.<\/li>\n \t<li style=\"text-transform: none; text-align: justify;\"><strong>Bajo contenido de azufre<\/strong>: lo que los hace <strong>m\u00e1s respetuosos con el medio ambiente<\/strong> al producir menores <strong>emisiones contaminantes<\/strong>.<\/li>\n \t<li style=\"text-transform: none; text-align: justify;\"><strong>Facilidad de almacenamiento<\/strong>: Debido a su <strong>alta densidad energ\u00e9tica<\/strong> y <strong>baja humedad<\/strong>, se pueden almacenar f\u00e1cilmente sin riesgo de degradaci\u00f3n o combusti\u00f3n espont\u00e1nea.<\/li>\n<\/ol>\t\t\t\t\t\t<\/div>\n\t\t\t\t<\/div>\n\t\t\t\t\t<\/div>\n\t\t<\/div>\n\t\t\t\t\t<\/div>\n\t\t<\/section>\n\t\t\t\t\t<\/div>\n\t\t<\/div>\n\t\t\t\t<div class=\"elementor-column elementor-col-33 elementor-inner-column elementor-element elementor-element-dcee87a elementor-hidden-mobile\" data-id=\"dcee87a\" data-element_type=\"column\" data-settings=\"{&quot;background_background&quot;:&quot;classic&quot;}\">\n\t\t\t<div class=\"elementor-widget-wrap elementor-element-populated\">\n\t\t\t\t\t<div class=\"elementor-background-overlay\"><\/div>\n\t\t\t\t\t\t<div class=\"elementor-element elementor-element-e91797d elementor-hidden-mobile elementor-widget elementor-widget-spacer\" data-id=\"e91797d\" data-element_type=\"widget\" data-widget_type=\"spacer.default\">\n\t\t\t\t<div class=\"elementor-widget-container\">\n\t\t\t\t\t<div class=\"elementor-spacer\">\n\t\t\t<div class=\"elementor-spacer-inner\"><\/div>\n\t\t<\/div>\n\t\t\t\t<\/div>\n\t\t\t\t<\/div>\n\t\t\t\t<div class=\"elementor-element elementor-element-c444ad2 elementor-hidden-mobile elementor-widget elementor-widget-image\" data-id=\"c444ad2\" data-element_type=\"widget\" data-widget_type=\"image.default\">\n\t\t\t\t<div class=\"elementor-widget-container\">\n\t\t\t\t\t\t\t\t\t\t\t\t\t<img decoding=\"async\" src=\"https:\/\/ecoloma.es\/wp-content\/uploads\/elementor\/thumbs\/medio-ambiente-qnnomfgnayd0iy1u37m4yqd8e6i2d8u1gq3n4ml64o.jpg\" title=\"medio-ambiente\" alt=\"medio-ambiente\" loading=\"lazy\" \/>\t\t\t\t\t\t\t\t\t\t\t\t\t<\/div>\n\t\t\t\t<\/div>\n\t\t\t\t\t<\/div>\n\t\t<\/div>\n\t\t\t\t\t<\/div>\n\t\t<\/section>\n\t\t\t\t<div class=\"elementor-element elementor-element-7ea5f66 elementor-widget elementor-widget-spacer\" data-id=\"7ea5f66\" data-element_type=\"widget\" data-widget_type=\"spacer.default\">\n\t\t\t\t<div class=\"elementor-widget-container\">\n\t\t\t\t\t<div class=\"elementor-spacer\">\n\t\t\t<div class=\"elementor-spacer-inner\"><\/div>\n\t\t<\/div>\n\t\t\t\t<\/div>\n\t\t\t\t<\/div>\n\t\t\t\t\t<\/div>\n\t\t<\/div>\n\t\t\t\t\t<\/div>\n\t\t<\/section>\n\t\t\t\t<\/div>","protected":false},"excerpt":{"rendered":"<p>Energ\u00eda Sostenible Los biocombustibles de alta calidad Los biocombustibles producidos a partir del hueso de aceituna y el pellet, ofrecen una alternativa sostenible y eficiente a los combustibles f\u00f3siles. Estos biocombustibles se caracterizan por su alto poder calor\u00edfico, bajas emisiones y un proceso de producci\u00f3n respetuoso con el medio ambiente. Los biocombustibles y el medio [&hellip;]<\/p>","protected":false},"author":1,"featured_media":0,"parent":0,"menu_order":0,"comment_status":"closed","ping_status":"closed","template":"","meta":{"om_disable_all_campaigns":false,"_monsterinsights_skip_tracking":false,"_monsterinsights_sitenote_active":false,"_monsterinsights_sitenote_note":"","_monsterinsights_sitenote_category":0,"_uf_show_specific_survey":0,"_uf_disable_surveys":false,"site-sidebar-layout":"no-sidebar","site-content-layout":"page-builder","ast-site-content-layout":"full-width-container","site-content-style":"unboxed","site-sidebar-style":"unboxed","ast-global-header-display":"","ast-banner-title-visibility":"","ast-main-header-display":"","ast-hfb-above-header-display":"","ast-hfb-below-header-display":"","ast-hfb-mobile-header-display":"","site-post-title":"disabled","ast-breadcrumbs-content":"","ast-featured-img":"disabled","footer-sml-layout":"","theme-transparent-header-meta":"default","adv-header-id-meta":"","stick-header-meta":"default","header-above-stick-meta":"","header-main-stick-meta":"","header-below-stick-meta":"","astra-migrate-meta-layouts":"set","ast-page-background-enabled":"default","ast-page-background-meta":{"desktop":{"background-color":"var(--ast-global-color-4)","background-image":"","background-repeat":"repeat","background-position":"center center","background-size":"auto","background-attachment":"scroll","background-type":"","background-media":"","overlay-type":"","overlay-color":"","overlay-opacity":"","overlay-gradient":""},"tablet":{"background-color":"","background-image":"","background-repeat":"repeat","background-position":"center center","background-size":"auto","background-attachment":"scroll","background-type":"","background-media":"","overlay-type":"","overlay-color":"","overlay-opacity":"","overlay-gradient":""},"mobile":{"background-color":"","background-image":"","background-repeat":"repeat","background-position":"center center","background-size":"auto","background-attachment":"scroll","background-type":"","background-media":"","overlay-type":"","overlay-color":"","overlay-opacity":"","overlay-gradient":""}},"ast-content-background-meta":{"desktop":{"background-color":"var(--ast-global-color-5)","background-image":"","background-repeat":"repeat","background-position":"center center","background-size":"auto","background-attachment":"scroll","background-type":"","background-media":"","overlay-type":"","overlay-color":"","overlay-opacity":"","overlay-gradient":""},"tablet":{"background-color":"var(--ast-global-color-5)","background-image":"","background-repeat":"repeat","background-position":"center center","background-size":"auto","background-attachment":"scroll","background-type":"","background-media":"","overlay-type":"","overlay-color":"","overlay-opacity":"","overlay-gradient":""},"mobile":{"background-color":"var(--ast-global-color-5)","background-image":"","background-repeat":"repeat","background-position":"center center","background-size":"auto","background-attachment":"scroll","background-type":"","background-media":"","overlay-type":"","overlay-color":"","overlay-opacity":"","overlay-gradient":""}},"footnotes":""},"class_list":["post-2746","page","type-page","status-publish","hentry"],"aioseo_notices":[],"jetpack_sharing_enabled":true,"_links":{"self":[{"href":"https:\/\/ecoloma.es\/en\/wp-json\/wp\/v2\/pages\/2746","targetHints":{"allow":["GET"]}}],"collection":[{"href":"https:\/\/ecoloma.es\/en\/wp-json\/wp\/v2\/pages"}],"about":[{"href":"https:\/\/ecoloma.es\/en\/wp-json\/wp\/v2\/types\/page"}],"author":[{"embeddable":true,"href":"https:\/\/ecoloma.es\/en\/wp-json\/wp\/v2\/users\/1"}],"replies":[{"embeddable":true,"href":"https:\/\/ecoloma.es\/en\/wp-json\/wp\/v2\/comments?post=2746"}],"version-history":[{"count":19,"href":"https:\/\/ecoloma.es\/en\/wp-json\/wp\/v2\/pages\/2746\/revisions"}],"predecessor-version":[{"id":2813,"href":"https:\/\/ecoloma.es\/en\/wp-json\/wp\/v2\/pages\/2746\/revisions\/2813"}],"wp:attachment":[{"href":"https:\/\/ecoloma.es\/en\/wp-json\/wp\/v2\/media?parent=2746"}],"curies":[{"name":"wp","href":"https:\/\/api.w.org\/{rel}","templated":true}]}}