{"id":3,"date":"2024-02-28T09:59:23","date_gmt":"2024-02-28T08:59:23","guid":{"rendered":"https:\/\/ecoloma.es\/?page_id=3"},"modified":"2024-06-17T12:51:25","modified_gmt":"2024-06-17T10:51:25","slug":"politica-privacidad","status":"publish","type":"page","link":"https:\/\/ecoloma.es\/en\/politica-privacidad\/","title":{"rendered":"Pol\u00edtica de privacidad"},"content":{"rendered":"<div class=\"flex-shrink-0 flex flex-col relative items-end\">\n<div>\n<div class=\"pt-0.5 juice:pt-0\">\n<div class=\"gizmo-bot-avatar flex h-6 w-6 items-center justify-center overflow-hidden rounded-full juice:h-8 juice:w-8\"><\/div>\n<\/div>\n<\/div>\n<\/div>\n<div class=\"group\/conversation-turn relative flex w-full min-w-0 flex-col agent-turn\">\n<div class=\"flex-col gap-1 md:gap-3\">\n<div class=\"flex flex-grow flex-col max-w-full AIPRM__conversation__response\">\n<div class=\"min-h-[20px] text-message flex flex-col items-start whitespace-pre-wrap break-words [.text-message+&amp;]:mt-5 juice:w-full juice:items-end overflow-x-auto gap-2\" dir=\"auto\" data-message-author-role=\"assistant\" data-message-id=\"7133a50a-9132-4d62-93c7-e35a9fcc4571\">\n<div class=\"flex w-full flex-col gap-1 juice:empty:hidden juice:first:pt-[3px]\">\n<div class=\"markdown prose w-full break-words dark:prose-invert dark\">\n<p style=\"text-align: justify;\"><strong>Tipos de datos y c\u00f3mo los obtenemos:<\/strong><\/p>\n<p style=\"text-align: justify;\">Ecoloma Biocombustibles, S.L. trata datos personales de nivel b\u00e1sico sobre sus clientes y proveedores. No manejamos datos especialmente protegidos. Los datos son obtenidos directamente del interesado mediante formularios de contacto o presentaci\u00f3n de ofertas comerciales, propuestas contractuales, etc., o a trav\u00e9s de su empresa cuando nos facilitan los datos necesarios para la relaci\u00f3n contractual. Es responsabilidad del interesado o su empresa mantener los datos actualizados en caso de modificaci\u00f3n.<\/p>\n<p style=\"text-align: justify;\"><strong>Finalidad del tratamiento de sus datos personales:<\/strong><\/p>\n<p style=\"text-align: justify;\">Tratamos la informaci\u00f3n proporcionada por los interesados para prestar correctamente nuestros servicios. Adem\u00e1s, informamos que podemos enviar informaci\u00f3n comercial sobre nuestros productos o servicios que consideremos de inter\u00e9s. No elaboramos perfiles comerciales basados en la informaci\u00f3n proporcionada ni tomamos decisiones automatizadas sobre usted en base a un perfil comercial.<\/p>\n<p style=\"text-align: justify;\"><strong>Tiempo de conservaci\u00f3n de sus datos:<\/strong><\/p>\n<p style=\"text-align: justify;\">Los datos personales recogidos a trav\u00e9s de formularios de contacto y otros medios se conservar\u00e1n mientras no se solicite su supresi\u00f3n por el interesado. Los datos de clientes y proveedores se conservar\u00e1n mientras dure la relaci\u00f3n comercial, respetando en todo caso los plazos legales m\u00ednimos de conservaci\u00f3n.<\/p>\n<p style=\"text-align: justify;\"><strong>Legitimaci\u00f3n para el tratamiento de sus datos:<\/strong><\/p>\n<p style=\"text-align: justify;\">La base legal para el tratamiento de sus datos es, en el caso de acciones comerciales y de marketing, el consentimiento del interesado o su representante legal. Para gestiones contables, fiscales y administrativas, la legitimaci\u00f3n se basa en la ejecuci\u00f3n de la relaci\u00f3n contractual o comercial entre las partes, o el cumplimiento de obligaciones legales. Es necesario proporcionar toda la informaci\u00f3n solicitada; en caso contrario, no se podr\u00e1 prestar el servicio requerido.<\/p>\n<p style=\"text-align: justify;\"><strong>Comunicaci\u00f3n de sus datos:<\/strong><\/p>\n<p style=\"text-align: justify;\">Los datos no se comunicar\u00e1n a terceros que pretendan utilizarlos para acciones de marketing sin su autorizaci\u00f3n previa. Los datos podr\u00e1n ser comunicados a terceros relacionados con la organizaci\u00f3n para la prestaci\u00f3n de servicios administrativos.<\/p>\n<p style=\"text-align: justify;\"><strong>Sus derechos cuando nos facilita sus datos:<\/strong><\/p>\n<p style=\"text-align: justify;\">Cualquier persona tiene derecho a obtener confirmaci\u00f3n sobre si estamos tratando datos personales que le conciernen. Los interesados pueden acceder a sus datos personales, solicitar la rectificaci\u00f3n de los datos inexactos o suprimirlos cuando ya no sean necesarios para los fines recogidos. Tambi\u00e9n pueden oponerse al tratamiento de sus datos en determinadas finalidades, lo que podr\u00eda implicar la resoluci\u00f3n del contrato. Adem\u00e1s, pueden solicitar la portabilidad de sus datos a otras empresas y la limitaci\u00f3n del tratamiento de sus datos, en cuyo caso solo se conservar\u00e1n para el ejercicio o defensa de reclamaciones y obligaciones legales. Para ejercer sus derechos, p\u00f3ngase en contacto con nosotros a trav\u00e9s de los medios indicados en el apartado de contacto.<\/p>\n<p style=\"text-align: justify;\"><strong>Otra informaci\u00f3n sobre nuestra pol\u00edtica de privacidad:<\/strong><\/p>\n<p style=\"text-align: justify;\">Ecoloma Biocombustibles, S.L. adopta las medidas de seguridad exigidas por la normativa europea y espa\u00f1ola vigente en protecci\u00f3n de datos, considerando el estado de la t\u00e9cnica, los costos de aplicaci\u00f3n, la naturaleza, el alcance, el contexto y los fines del tratamiento, as\u00ed como los riesgos para los derechos y libertades de las personas. Conforme al RGPD UE 679\/2016 y RD 1720\/2007, los menores de 14 a\u00f1os pueden dar su consentimiento para contratar servicios de la sociedad de la informaci\u00f3n, como inscribirse en un foro o llenar un formulario de contacto. El tratamiento de datos de menores de 14 a\u00f1os requerir\u00e1 el consentimiento expreso de sus padres o tutores legales. Ocasionalmente, podremos realizar modificaciones a esta pol\u00edtica de privacidad. Por favor, revise este apartado regularmente para estar informado de cualquier cambio y c\u00f3mo le puede afectar.<\/p>\n<p style=\"text-align: justify;\">Al enviar deliberadamente sus datos personales mediante nuestros medios de contacto o iniciar una relaci\u00f3n comercial con nosotros, se considera que reconoce y acepta el tratamiento de sus datos personales conforme a esta pol\u00edtica. Si tiene alguna pregunta sobre esta pol\u00edtica de privacidad, p\u00f3ngase en contacto con nosotros utilizando la direcci\u00f3n facilitada en el apartado de contacto.<\/p>\n<p style=\"text-align: justify;\"><strong>Contacto:<\/strong><\/p>\n<p style=\"text-align: justify;\">Ecoloma Biocombustibles, S.L.<br \/>\nC\/ Padul 69, Pol\u00edgono Juncaril, Peligros, Granada<br \/>\nTel\u00e9fonos: 958 691 935 \/ 699 340 574<br \/>\nCorreo Electr\u00f3nico: <a rel=\"noreferrer\">atcliente.ecoloma@gmail.com<\/a><br \/>\nP\u00e1gina Web: <a href=\"https:\/\/ecoloma.es\/en\/\" target=\"_new\" rel=\"noreferrer noopener\">www.ecoloma.es<\/a><\/p>\n<\/div>\n<\/div>\n<\/div>\n<\/div>\n<\/div>\n<\/div>","protected":false},"excerpt":{"rendered":"<p>Tipos de datos y c\u00f3mo los obtenemos: Ecoloma Biocombustibles, S.L. trata datos personales de nivel b\u00e1sico sobre sus clientes y proveedores. No manejamos datos especialmente protegidos. Los datos son obtenidos directamente del interesado mediante formularios de contacto o presentaci\u00f3n de ofertas comerciales, propuestas contractuales, etc., o a trav\u00e9s de su empresa cuando nos facilitan los [&hellip;]<\/p>","protected":false},"author":1,"featured_media":0,"parent":0,"menu_order":0,"comment_status":"closed","ping_status":"open","template":"","meta":{"om_disable_all_campaigns":false,"_monsterinsights_skip_tracking":false,"_monsterinsights_sitenote_active":false,"_monsterinsights_sitenote_note":"","_monsterinsights_sitenote_category":0,"_uf_show_specific_survey":0,"_uf_disable_surveys":false,"site-sidebar-layout":"default","site-content-layout":"","ast-site-content-layout":"default","site-content-style":"default","site-sidebar-style":"default","ast-global-header-display":"","ast-banner-title-visibility":"","ast-main-header-display":"","ast-hfb-above-header-display":"","ast-hfb-below-header-display":"","ast-hfb-mobile-header-display":"","site-post-title":"","ast-breadcrumbs-content":"","ast-featured-img":"","footer-sml-layout":"","theme-transparent-header-meta":"default","adv-header-id-meta":"","stick-header-meta":"default","header-above-stick-meta":"","header-main-stick-meta":"","header-below-stick-meta":"","astra-migrate-meta-layouts":"set","ast-page-background-enabled":"default","ast-page-background-meta":{"desktop":{"background-color":"var(--ast-global-color-4)","background-image":"","background-repeat":"repeat","background-position":"center center","background-size":"auto","background-attachment":"scroll","background-type":"","background-media":"","overlay-type":"","overlay-color":"","overlay-opacity":"","overlay-gradient":""},"tablet":{"background-color":"","background-image":"","background-repeat":"repeat","background-position":"center center","background-size":"auto","background-attachment":"scroll","background-type":"","background-media":"","overlay-type":"","overlay-color":"","overlay-opacity":"","overlay-gradient":""},"mobile":{"background-color":"","background-image":"","background-repeat":"repeat","background-position":"center center","background-size":"auto","background-attachment":"scroll","background-type":"","background-media":"","overlay-type":"","overlay-color":"","overlay-opacity":"","overlay-gradient":""}},"ast-content-background-meta":{"desktop":{"background-color":"var(--ast-global-color-5)","background-image":"","background-repeat":"repeat","background-position":"center center","background-size":"auto","background-attachment":"scroll","background-type":"","background-media":"","overlay-type":"","overlay-color":"","overlay-opacity":"","overlay-gradient":""},"tablet":{"background-color":"var(--ast-global-color-5)","background-image":"","background-repeat":"repeat","background-position":"center center","background-size":"auto","background-attachment":"scroll","background-type":"","background-media":"","overlay-type":"","overlay-color":"","overlay-opacity":"","overlay-gradient":""},"mobile":{"background-color":"var(--ast-global-color-5)","background-image":"","background-repeat":"repeat","background-position":"center center","background-size":"auto","background-attachment":"scroll","background-type":"","background-media":"","overlay-type":"","overlay-color":"","overlay-opacity":"","overlay-gradient":""}},"footnotes":""},"class_list":["post-3","page","type-page","status-publish","hentry"],"aioseo_notices":[],"jetpack_sharing_enabled":true,"_links":{"self":[{"href":"https:\/\/ecoloma.es\/en\/wp-json\/wp\/v2\/pages\/3","targetHints":{"allow":["GET"]}}],"collection":[{"href":"https:\/\/ecoloma.es\/en\/wp-json\/wp\/v2\/pages"}],"about":[{"href":"https:\/\/ecoloma.es\/en\/wp-json\/wp\/v2\/types\/page"}],"author":[{"embeddable":true,"href":"https:\/\/ecoloma.es\/en\/wp-json\/wp\/v2\/users\/1"}],"replies":[{"embeddable":true,"href":"https:\/\/ecoloma.es\/en\/wp-json\/wp\/v2\/comments?post=3"}],"version-history":[{"count":3,"href":"https:\/\/ecoloma.es\/en\/wp-json\/wp\/v2\/pages\/3\/revisions"}],"predecessor-version":[{"id":3895,"href":"https:\/\/ecoloma.es\/en\/wp-json\/wp\/v2\/pages\/3\/revisions\/3895"}],"wp:attachment":[{"href":"https:\/\/ecoloma.es\/en\/wp-json\/wp\/v2\/media?parent=3"}],"curies":[{"name":"wp","href":"https:\/\/api.w.org\/{rel}","templated":true}]}}