{"id":3342,"date":"2024-06-04T18:30:49","date_gmt":"2024-06-04T16:30:49","guid":{"rendered":"https:\/\/ecoloma.es\/?page_id=3342"},"modified":"2024-06-07T13:41:18","modified_gmt":"2024-06-07T11:41:18","slug":"fabrica","status":"publish","type":"page","link":"https:\/\/ecoloma.es\/en\/fabrica\/","title":{"rendered":"F\u00e1brica"},"content":{"rendered":"<div data-elementor-type=\"wp-page\" data-elementor-id=\"3342\" class=\"elementor elementor-3342\" data-elementor-post-type=\"page\">\n\t\t\t\t\t\t<section class=\"elementor-section elementor-top-section elementor-element elementor-element-0070829 elementor-section-height-min-height elementor-reverse-mobile elementor-section-stretched elementor-section-boxed elementor-section-height-default elementor-section-items-middle\" data-id=\"0070829\" data-element_type=\"section\" data-settings=\"{&quot;background_background&quot;:&quot;classic&quot;,&quot;stretch_section&quot;:&quot;section-stretched&quot;}\">\n\t\t\t\t\t\t\t<div class=\"elementor-background-overlay\"><\/div>\n\t\t\t\t\t\t\t<div class=\"elementor-container elementor-column-gap-no\">\n\t\t\t\t\t<div class=\"elementor-column elementor-col-50 elementor-top-column elementor-element elementor-element-86119f3 animated-fast elementor-invisible\" data-id=\"86119f3\" data-element_type=\"column\" data-settings=\"{&quot;background_background&quot;:&quot;gradient&quot;,&quot;animation&quot;:&quot;fadeIn&quot;,&quot;animation_delay&quot;:3500}\">\n\t\t\t<div class=\"elementor-widget-wrap elementor-element-populated\">\n\t\t\t\t\t\t<div class=\"elementor-element elementor-element-c91f3b1 elementor-hidden-mobile elementor-widget elementor-widget-image\" data-id=\"c91f3b1\" data-element_type=\"widget\" data-widget_type=\"image.default\">\n\t\t\t\t<div class=\"elementor-widget-container\">\n\t\t\t<style>\/*! elementor - v3.23.0 - 23-07-2024 *\/\n.elementor-widget-image{text-align:center}.elementor-widget-image a{display:inline-block}.elementor-widget-image a img[src$=\".svg\"]{width:48px}.elementor-widget-image img{vertical-align:middle;display:inline-block}<\/style>\t\t\t\t\t\t\t\t\t\t<img fetchpriority=\"high\" decoding=\"async\" width=\"600\" height=\"601\" src=\"https:\/\/ecoloma.es\/wp-content\/uploads\/2024\/06\/logo-biomasa-triana-600x600-1.png\" class=\"attachment-large size-large wp-image-3345\" alt=\"\" srcset=\"https:\/\/ecoloma.es\/wp-content\/uploads\/2024\/06\/logo-biomasa-triana-600x600-1.png 600w, https:\/\/ecoloma.es\/wp-content\/uploads\/2024\/06\/logo-biomasa-triana-600x600-1-300x301.png 300w, https:\/\/ecoloma.es\/wp-content\/uploads\/2024\/06\/logo-biomasa-triana-600x600-1-150x150.png 150w, https:\/\/ecoloma.es\/wp-content\/uploads\/2024\/06\/logo-biomasa-triana-600x600-1-12x12.png 12w, https:\/\/ecoloma.es\/wp-content\/uploads\/2024\/06\/logo-biomasa-triana-600x600-1-100x100.png 100w\" sizes=\"(max-width: 600px) 100vw, 600px\" \/>\t\t\t\t\t\t\t\t\t\t\t\t\t<\/div>\n\t\t\t\t<\/div>\n\t\t<div class=\"elementor-element elementor-element-b3c53a7 e-grid e-con-full e-con e-parent\" data-id=\"b3c53a7\" data-element_type=\"container\">\n\t\t\t\t<div class=\"elementor-element elementor-element-6c7425a elementor-widget elementor-widget-image\" data-id=\"6c7425a\" data-element_type=\"widget\" data-widget_type=\"image.default\">\n\t\t\t\t<div class=\"elementor-widget-container\">\n\t\t\t\t\t\t\t\t\t\t\t\t\t<img decoding=\"async\" width=\"257\" height=\"300\" src=\"https:\/\/ecoloma.es\/wp-content\/uploads\/2024\/06\/ecovalentina-257x300.jpg\" class=\"attachment-medium size-medium wp-image-3366\" alt=\"\" srcset=\"https:\/\/ecoloma.es\/wp-content\/uploads\/2024\/06\/ecovalentina-257x300.jpg 257w, https:\/\/ecoloma.es\/wp-content\/uploads\/2024\/06\/ecovalentina-10x12.jpg 10w, https:\/\/ecoloma.es\/wp-content\/uploads\/2024\/06\/ecovalentina-300x350.jpg 300w, https:\/\/ecoloma.es\/wp-content\/uploads\/2024\/06\/ecovalentina.jpg 470w\" sizes=\"(max-width: 257px) 100vw, 257px\" \/>\t\t\t\t\t\t\t\t\t\t\t\t\t<\/div>\n\t\t\t\t<\/div>\n\t\t\t\t<\/div>\n\t\t\t\t\t<\/div>\n\t\t<\/div>\n\t\t\t\t<div class=\"elementor-column elementor-col-50 elementor-top-column elementor-element elementor-element-712d9ba elementor-invisible\" data-id=\"712d9ba\" data-element_type=\"column\" data-settings=\"{&quot;background_background&quot;:&quot;classic&quot;,&quot;animation&quot;:&quot;fadeIn&quot;,&quot;animation_delay&quot;:1000}\">\n\t\t\t<div class=\"elementor-widget-wrap elementor-element-populated\">\n\t\t\t\t\t<div class=\"elementor-background-overlay\"><\/div>\n\t\t\t\t\t\t<div class=\"elementor-element elementor-element-df4d9ca elementor-hidden-desktop elementor-hidden-tablet elementor-widget elementor-widget-image\" data-id=\"df4d9ca\" data-element_type=\"widget\" data-widget_type=\"image.default\">\n\t\t\t\t<div class=\"elementor-widget-container\">\n\t\t\t\t\t\t\t\t\t\t\t\t\t<img decoding=\"async\" width=\"300\" height=\"300\" src=\"https:\/\/ecoloma.es\/wp-content\/uploads\/2024\/06\/logo-biomasa-triana-600x600-1-300x300.png\" class=\"attachment-medium size-medium wp-image-3345\" alt=\"\" srcset=\"https:\/\/ecoloma.es\/wp-content\/uploads\/2024\/06\/logo-biomasa-triana-600x600-1-300x301.png 300w, https:\/\/ecoloma.es\/wp-content\/uploads\/2024\/06\/logo-biomasa-triana-600x600-1-150x150.png 150w, https:\/\/ecoloma.es\/wp-content\/uploads\/2024\/06\/logo-biomasa-triana-600x600-1-12x12.png 12w, https:\/\/ecoloma.es\/wp-content\/uploads\/2024\/06\/logo-biomasa-triana-600x600-1-100x100.png 100w, https:\/\/ecoloma.es\/wp-content\/uploads\/2024\/06\/logo-biomasa-triana-600x600-1.png 600w\" sizes=\"(max-width: 300px) 100vw, 300px\" \/>\t\t\t\t\t\t\t\t\t\t\t\t\t<\/div>\n\t\t\t\t<\/div>\n\t\t\t\t<div class=\"elementor-element elementor-element-bcf8859 elementor-widget elementor-widget-heading\" data-id=\"bcf8859\" data-element_type=\"widget\" data-widget_type=\"heading.default\">\n\t\t\t\t<div class=\"elementor-widget-container\">\n\t\t\t<style>\/*! elementor - v3.23.0 - 23-07-2024 *\/\n.elementor-heading-title{padding:0;margin:0;line-height:1}.elementor-widget-heading .elementor-heading-title[class*=elementor-size-]>a{color:inherit;font-size:inherit;line-height:inherit}.elementor-widget-heading .elementor-heading-title.elementor-size-small{font-size:15px}.elementor-widget-heading .elementor-heading-title.elementor-size-medium{font-size:19px}.elementor-widget-heading .elementor-heading-title.elementor-size-large{font-size:29px}.elementor-widget-heading .elementor-heading-title.elementor-size-xl{font-size:39px}.elementor-widget-heading .elementor-heading-title.elementor-size-xxl{font-size:59px}<\/style><h3 class=\"elementor-heading-title elementor-size-default\">Biomasas Triana<\/h3>\t\t<\/div>\n\t\t\t\t<\/div>\n\t\t\t\t<div class=\"elementor-element elementor-element-b0a57a4 elementor-widget elementor-widget-text-editor\" data-id=\"b0a57a4\" data-element_type=\"widget\" data-widget_type=\"text-editor.default\">\n\t\t\t\t<div class=\"elementor-widget-container\">\n\t\t\t<style>\/*! elementor - v3.23.0 - 23-07-2024 *\/\n.elementor-widget-text-editor.elementor-drop-cap-view-stacked .elementor-drop-cap{background-color:#69727d;color:#fff}.elementor-widget-text-editor.elementor-drop-cap-view-framed .elementor-drop-cap{color:#69727d;border:3px solid;background-color:transparent}.elementor-widget-text-editor:not(.elementor-drop-cap-view-default) .elementor-drop-cap{margin-top:8px}.elementor-widget-text-editor:not(.elementor-drop-cap-view-default) .elementor-drop-cap-letter{width:1em;height:1em}.elementor-widget-text-editor .elementor-drop-cap{float:left;text-align:center;line-height:1;font-size:50px}.elementor-widget-text-editor .elementor-drop-cap-letter{display:inline-block}<\/style>\t\t\t\t<p><strong>Biomasas Triana<\/strong>, como <strong>productor<\/strong> y bajo las certificaciones <strong>EnPlus<\/strong> y <strong>AENOR<\/strong> se destaca como l\u00edder en la <strong>producci\u00f3n de pellet de madera de pino<\/strong>, ofreciendo una soluci\u00f3n energ\u00e9tica sostenible y eficiente.<\/p><p><strong>Ubicada estrat\u00e9gicamente en el coraz\u00f3n pinar de Cuenca<\/strong>, est\u00e1 dedicada al aprovechamiento de los recursos forestales de manera responsable, ecol\u00f3gica y autosuficiente, comprometida con la excelencia en cada etapa del proceso de producci\u00f3n, desde la selecci\u00f3n de la materia prima hasta la entrega del producto final.<\/p><p>Con un enfoque en la <strong>innovaci\u00f3n<\/strong> y la <strong>sostenibilidad<\/strong>, la f\u00e1brica utiliza <strong>tecnolog\u00eda de vanguardia<\/strong> para garantizar que cada pellet de madera de pino cumpla con los m\u00e1s altos est\u00e1ndares de calidad y rendimiento.<\/p><p>La dedicaci\u00f3n a la gesti\u00f3n ambiental y la eficiencia energ\u00e9tica posiciona a Biomasas Triana como un referente en el sector de las energ\u00edas renovables, proporcionando a sus clientes una <strong>fuente de energ\u00eda limpia, confiable y de garant\u00eda de cara al futuro.<\/strong><\/p>\t\t\t\t\t\t<\/div>\n\t\t\t\t<\/div>\n\t\t\t\t<div class=\"elementor-element elementor-element-fe76e24 elementor-align-left elementor-mobile-align-center elementor-widget elementor-widget-button\" data-id=\"fe76e24\" data-element_type=\"widget\" data-widget_type=\"button.default\">\n\t\t\t\t<div class=\"elementor-widget-container\">\n\t\t\t\t\t<div class=\"elementor-button-wrapper\">\n\t\t\t<a class=\"elementor-button elementor-button-link elementor-size-sm\" href=\"https:\/\/ecoloma.es\/en\/tienda\/\">\n\t\t\t\t\t\t<span class=\"elementor-button-content-wrapper\">\n\t\t\t\t\t\t<span class=\"elementor-button-icon\">\n\t\t\t\t<svg aria-hidden=\"true\" class=\"e-font-icon-svg e-fas-shopping-basket\" viewbox=\"0 0 576 512\" xmlns=\"http:\/\/www.w3.org\/2000\/svg\"><path d=\"M576 216v16c0 13.255-10.745 24-24 24h-8l-26.113 182.788C514.509 462.435 494.257 480 470.37 480H105.63c-23.887 0-44.139-17.565-47.518-41.212L32 256h-8c-13.255 0-24-10.745-24-24v-16c0-13.255 10.745-24 24-24h67.341l106.78-146.821c10.395-14.292 30.407-17.453 44.701-7.058 14.293 10.395 17.453 30.408 7.058 44.701L170.477 192h235.046L326.12 82.821c-10.395-14.292-7.234-34.306 7.059-44.701 14.291-10.395 34.306-7.235 44.701 7.058L484.659 192H552c13.255 0 24 10.745 24 24zM312 392V280c0-13.255-10.745-24-24-24s-24 10.745-24 24v112c0 13.255 10.745 24 24 24s24-10.745 24-24zm112 0V280c0-13.255-10.745-24-24-24s-24 10.745-24 24v112c0 13.255 10.745 24 24 24s24-10.745 24-24zm-224 0V280c0-13.255-10.745-24-24-24s-24 10.745-24 24v112c0 13.255 10.745 24 24 24s24-10.745 24-24z\"><\/path><\/svg>\t\t\t<\/span>\n\t\t\t\t\t\t\t\t\t<span class=\"elementor-button-text\">Comprar<\/span>\n\t\t\t\t\t<\/span>\n\t\t\t\t\t<\/a>\n\t\t<\/div>\n\t\t\t\t<\/div>\n\t\t\t\t<\/div>\n\t\t\t\t<div class=\"elementor-element elementor-element-86b8f36 elementor-widget elementor-widget-heading\" data-id=\"86b8f36\" data-element_type=\"widget\" data-widget_type=\"heading.default\">\n\t\t\t\t<div class=\"elementor-widget-container\">\n\t\t\t<h3 class=\"elementor-heading-title elementor-size-default\">Biomasas Triana, certificado de calidad: <\/h3>\t\t<\/div>\n\t\t\t\t<\/div>\n\t\t<div class=\"elementor-element elementor-element-e303644 e-grid e-con-boxed e-con e-parent\" data-id=\"e303644\" data-element_type=\"container\">\n\t\t\t\t\t<div class=\"e-con-inner\">\n\t\t\t\t<div class=\"elementor-element elementor-element-eff870a elementor-widget elementor-widget-image\" data-id=\"eff870a\" data-element_type=\"widget\" data-widget_type=\"image.default\">\n\t\t\t\t<div class=\"elementor-widget-container\">\n\t\t\t\t\t\t\t\t\t\t<figure class=\"wp-caption\">\n\t\t\t\t\t\t\t\t\t\t\t<a href=\"https:\/\/ecoloma.es\/wp-content\/uploads\/2024\/06\/sello-biomasud-productor-lena-a1-es305.png\" data-elementor-open-lightbox=\"yes\" data-elementor-lightbox-title=\"Biomasas Triana. Sello de Calidad EN Plus A1 ES305 (Distribuidor de Le\u00f1a)\" data-e-action-hash=\"#elementor-action%3Aaction%3Dlightbox%26settings%3DeyJpZCI6MzM2MiwidXJsIjoiaHR0cHM6XC9cL2Vjb2xvbWEuZXNcL3dwLWNvbnRlbnRcL3VwbG9hZHNcLzIwMjRcLzA2XC9zZWxsby1iaW9tYXN1ZC1wcm9kdWN0b3ItbGVuYS1hMS1lczMwNS5wbmcifQ%3D%3D\">\n\t\t\t\t\t\t\t<img decoding=\"async\" src=\"https:\/\/ecoloma.es\/wp-content\/uploads\/elementor\/thumbs\/sello-biomasud-productor-lena-a1-es305-qp6bcs1uy9qulnfjpy5u6hxnw564njpdpvmqt5a1og.png\" title=\"Biomasas Triana. Sello de Calidad EN Plus A1 ES305 (Distribuidor de Le\u00f1a)\" alt=\"Biomasas Triana. Sello de Calidad EN Plus A1 ES305 (Distribuidor de Le\u00f1a)\" loading=\"lazy\" \/>\t\t\t\t\t\t\t\t<\/a>\n\t\t\t\t\t\t\t\t\t\t\t<figcaption class=\"widget-image-caption wp-caption-text\"><\/figcaption>\n\t\t\t\t\t\t\t\t\t\t<\/figure>\n\t\t\t\t\t\t\t<\/div>\n\t\t\t\t<\/div>\n\t\t\t\t<div class=\"elementor-element elementor-element-32eb7c4 elementor-widget elementor-widget-image\" data-id=\"32eb7c4\" data-element_type=\"widget\" data-widget_type=\"image.default\">\n\t\t\t\t<div class=\"elementor-widget-container\">\n\t\t\t\t\t\t\t\t\t\t<figure class=\"wp-caption\">\n\t\t\t\t\t\t\t\t\t\t\t<a href=\"https:\/\/ecoloma.es\/wp-content\/uploads\/2024\/06\/sello-de-calidad-en-plus-a1-es060-distribuidor-de-lena.png\" data-elementor-open-lightbox=\"yes\" data-elementor-lightbox-title=\"Ecoloma | Combustible Ecologico. Sello de Calidad EN Plus A1 ES060 (Distribuidor de Le\u00f1a)\" data-e-action-hash=\"#elementor-action%3Aaction%3Dlightbox%26settings%3DeyJpZCI6MzQ1MiwidXJsIjoiaHR0cHM6XC9cL2Vjb2xvbWEuZXNcL3dwLWNvbnRlbnRcL3VwbG9hZHNcLzIwMjRcLzA2XC9zZWxsby1kZS1jYWxpZGFkLWVuLXBsdXMtYTEtZXMwNjAtZGlzdHJpYnVpZG9yLWRlLWxlbmEucG5nIn0%3D\">\n\t\t\t\t\t\t\t<img decoding=\"async\" src=\"https:\/\/ecoloma.es\/wp-content\/uploads\/elementor\/thumbs\/sello-de-calidad-en-plus-a1-es060-distribuidor-de-lena-qpawseejfkjkamaliemjuttxviin8laz4tapofh1c0.png\" title=\"Ecoloma | Combustible Ecologico. Sello de Calidad EN Plus A1 ES060 (Distribuidor de Le\u00f1a)\" alt=\"Ecoloma | Combustible Ecologico. Sello de Calidad EN Plus A1 ES060 (Distribuidor de Le\u00f1a)\" loading=\"lazy\" \/>\t\t\t\t\t\t\t\t<\/a>\n\t\t\t\t\t\t\t\t\t\t\t<figcaption class=\"widget-image-caption wp-caption-text\"><\/figcaption>\n\t\t\t\t\t\t\t\t\t\t<\/figure>\n\t\t\t\t\t\t\t<\/div>\n\t\t\t\t<\/div>\n\t\t\t\t\t<\/div>\n\t\t\t\t<\/div>\n\t\t\t\t<div class=\"elementor-element elementor-element-7cd8be0 elementor-widget elementor-widget-heading\" data-id=\"7cd8be0\" data-element_type=\"widget\" data-widget_type=\"heading.default\">\n\t\t\t\t<div class=\"elementor-widget-container\">\n\t\t\t<h3 class=\"elementor-heading-title elementor-size-default\">Biomasas Triana  |  Venta al p\u00fablico:<\/h3>\t\t<\/div>\n\t\t\t\t<\/div>\n\t\t<div class=\"elementor-element elementor-element-b7d181f e-con-full e-flex e-con e-child\" data-id=\"b7d181f\" data-element_type=\"container\">\n\t\t\t\t<div class=\"elementor-element elementor-element-3ca7b98 elementor-widget elementor-widget-text-editor\" data-id=\"3ca7b98\" data-element_type=\"widget\" data-widget_type=\"text-editor.default\">\n\t\t\t\t<div class=\"elementor-widget-container\">\n\t\t\t\t\t\t\t<p style=\"color: #7a49a5; font-size: 14px; margin-bottom: 0.45em;\"><strong>CUENCA<\/strong><br><a style=\"color: #7a49a5; text-decoration:none !important;\" href=\"https:\/\/www.google.com\/maps\/place\/Biomasas+Triana\/@40.0309758,-2.1182867,17z\/data=!3m1!4b1!4m6!3m5!1s0xd5d61c5ce303f29:0x2b559aa180d854f1!8m2!3d40.0309717!4d-2.1157118!16s%2Fg%2F11ts3nfcn_?entry=ttu\" target=\"_blank\" rel=\"noopener\">Carretera Albacete a Cuenca, 133K<\/a><br><a style=\"color: #7a49a5; text-decoration:none !important;\" href=\"tel: 969042005\">969 042 005<\/a><a style=\"color: #7a49a5; font-size: 14px; margin-bottom: 0.1em; text-decoration:none !important;\"> \/ <\/a><a style=\"color: #7a49a5; text-decoration:none !important;\" href=\"tel: 605541999\">605 541 999<\/a><\/p>\t\t\t\t\t\t<\/div>\n\t\t\t\t<\/div>\n\t\t\t\t<\/div>\n\t\t\t\t\t<\/div>\n\t\t<\/div>\n\t\t\t\t\t<\/div>\n\t\t<\/section>\n\t\t\t\t<\/div>","protected":false},"excerpt":{"rendered":"<p>Biomasas Triana Biomasas Triana, como productor y bajo las certificaciones EnPlus y AENOR se destaca como l\u00edder en la producci\u00f3n de pellet de madera de pino, ofreciendo una soluci\u00f3n energ\u00e9tica sostenible y eficiente. Ubicada estrat\u00e9gicamente en el coraz\u00f3n pinar de Cuenca, est\u00e1 dedicada al aprovechamiento de los recursos forestales de manera responsable, ecol\u00f3gica y autosuficiente, [&hellip;]<\/p>","protected":false},"author":1,"featured_media":0,"parent":0,"menu_order":0,"comment_status":"closed","ping_status":"closed","template":"","meta":{"om_disable_all_campaigns":false,"_monsterinsights_skip_tracking":false,"_monsterinsights_sitenote_active":false,"_monsterinsights_sitenote_note":"","_monsterinsights_sitenote_category":0,"_uf_show_specific_survey":0,"_uf_disable_surveys":false,"site-sidebar-layout":"no-sidebar","site-content-layout":"page-builder","ast-site-content-layout":"full-width-container","site-content-style":"unboxed","site-sidebar-style":"unboxed","ast-global-header-display":"","ast-banner-title-visibility":"","ast-main-header-display":"","ast-hfb-above-header-display":"","ast-hfb-below-header-display":"","ast-hfb-mobile-header-display":"","site-post-title":"disabled","ast-breadcrumbs-content":"","ast-featured-img":"disabled","footer-sml-layout":"","theme-transparent-header-meta":"default","adv-header-id-meta":"","stick-header-meta":"default","header-above-stick-meta":"","header-main-stick-meta":"","header-below-stick-meta":"","astra-migrate-meta-layouts":"set","ast-page-background-enabled":"default","ast-page-background-meta":{"desktop":{"background-color":"var(--ast-global-color-4)","background-image":"","background-repeat":"repeat","background-position":"center center","background-size":"auto","background-attachment":"scroll","background-type":"","background-media":"","overlay-type":"","overlay-color":"","overlay-opacity":"","overlay-gradient":""},"tablet":{"background-color":"","background-image":"","background-repeat":"repeat","background-position":"center center","background-size":"auto","background-attachment":"scroll","background-type":"","background-media":"","overlay-type":"","overlay-color":"","overlay-opacity":"","overlay-gradient":""},"mobile":{"background-color":"","background-image":"","background-repeat":"repeat","background-position":"center center","background-size":"auto","background-attachment":"scroll","background-type":"","background-media":"","overlay-type":"","overlay-color":"","overlay-opacity":"","overlay-gradient":""}},"ast-content-background-meta":{"desktop":{"background-color":"var(--ast-global-color-5)","background-image":"","background-repeat":"repeat","background-position":"center center","background-size":"auto","background-attachment":"scroll","background-type":"","background-media":"","overlay-type":"","overlay-color":"","overlay-opacity":"","overlay-gradient":""},"tablet":{"background-color":"var(--ast-global-color-5)","background-image":"","background-repeat":"repeat","background-position":"center center","background-size":"auto","background-attachment":"scroll","background-type":"","background-media":"","overlay-type":"","overlay-color":"","overlay-opacity":"","overlay-gradient":""},"mobile":{"background-color":"var(--ast-global-color-5)","background-image":"","background-repeat":"repeat","background-position":"center center","background-size":"auto","background-attachment":"scroll","background-type":"","background-media":"","overlay-type":"","overlay-color":"","overlay-opacity":"","overlay-gradient":""}},"footnotes":""},"class_list":["post-3342","page","type-page","status-publish","hentry"],"aioseo_notices":[],"jetpack_sharing_enabled":true,"_links":{"self":[{"href":"https:\/\/ecoloma.es\/en\/wp-json\/wp\/v2\/pages\/3342","targetHints":{"allow":["GET"]}}],"collection":[{"href":"https:\/\/ecoloma.es\/en\/wp-json\/wp\/v2\/pages"}],"about":[{"href":"https:\/\/ecoloma.es\/en\/wp-json\/wp\/v2\/types\/page"}],"author":[{"embeddable":true,"href":"https:\/\/ecoloma.es\/en\/wp-json\/wp\/v2\/users\/1"}],"replies":[{"embeddable":true,"href":"https:\/\/ecoloma.es\/en\/wp-json\/wp\/v2\/comments?post=3342"}],"version-history":[{"count":46,"href":"https:\/\/ecoloma.es\/en\/wp-json\/wp\/v2\/pages\/3342\/revisions"}],"predecessor-version":[{"id":3507,"href":"https:\/\/ecoloma.es\/en\/wp-json\/wp\/v2\/pages\/3342\/revisions\/3507"}],"wp:attachment":[{"href":"https:\/\/ecoloma.es\/en\/wp-json\/wp\/v2\/media?parent=3342"}],"curies":[{"name":"wp","href":"https:\/\/api.w.org\/{rel}","templated":true}]}}